{"id":1051,"date":"2026-02-26T17:36:56","date_gmt":"2026-02-26T17:36:56","guid":{"rendered":"https:\/\/ortizimpermeabilizacao-com-br.andamento.dev.br\/?page_id=1051"},"modified":"2026-04-07T13:34:55","modified_gmt":"2026-04-07T13:34:55","slug":"membrana-acrilica","status":"publish","type":"page","link":"https:\/\/ortizimpermeabilizacao-com-br.andamento.dev.br\/?page_id=1051","title":{"rendered":"Membrana Acr\u00edlica"},"content":{"rendered":"\t\t<div data-elementor-type=\"wp-page\" data-elementor-id=\"1051\" class=\"elementor elementor-1051\" data-elementor-post-type=\"page\">\n\t\t\t\t<div class=\"elementor-element elementor-element-3bfd6cc e-flex e-con-boxed e-con e-parent\" data-id=\"3bfd6cc\" data-element_type=\"container\" data-e-type=\"container\" data-settings=\"{&quot;background_background&quot;:&quot;classic&quot;}\">\n\t\t\t\t\t<div class=\"e-con-inner\">\n\t\t\t\t<div class=\"elementor-element elementor-element-39accba elementor-widget elementor-widget-heading\" data-id=\"39accba\" data-element_type=\"widget\" data-e-type=\"widget\" data-widget_type=\"heading.default\">\n\t\t\t\t<div class=\"elementor-widget-container\">\n\t\t\t\t\t<h1 class=\"elementor-heading-title elementor-size-default\">Membrana Acr\u00edlica<\/h1>\t\t\t\t<\/div>\n\t\t\t\t<\/div>\n\t\t\t\t\t<\/div>\n\t\t\t\t<\/div>\n\t\t<div class=\"elementor-element elementor-element-068a01d e-flex e-con-boxed e-con e-parent\" data-id=\"068a01d\" data-element_type=\"container\" data-e-type=\"container\">\n\t\t\t\t\t<div class=\"e-con-inner\">\n\t\t\t\t<div class=\"elementor-element elementor-element-52a2142 elementor-gallery--filter-align-center elementor-widget elementor-widget-gallery\" data-id=\"52a2142\" data-element_type=\"widget\" data-e-type=\"widget\" data-settings=\"{&quot;columns_tablet&quot;:3,&quot;columns_mobile&quot;:2,&quot;lazyload&quot;:&quot;yes&quot;,&quot;gallery_layout&quot;:&quot;grid&quot;,&quot;columns&quot;:4,&quot;gap&quot;:{&quot;unit&quot;:&quot;px&quot;,&quot;size&quot;:10,&quot;sizes&quot;:[]},&quot;gap_tablet&quot;:{&quot;unit&quot;:&quot;px&quot;,&quot;size&quot;:10,&quot;sizes&quot;:[]},&quot;gap_mobile&quot;:{&quot;unit&quot;:&quot;px&quot;,&quot;size&quot;:10,&quot;sizes&quot;:[]},&quot;link_to&quot;:&quot;file&quot;,&quot;aspect_ratio&quot;:&quot;3:2&quot;,&quot;overlay_background&quot;:&quot;yes&quot;,&quot;content_hover_animation&quot;:&quot;fade-in&quot;}\" data-widget_type=\"gallery.default\">\n\t\t\t\t<div class=\"elementor-widget-container\">\n\t\t\t\t\t\t\t\t<div class=\"elementor-gallery__titles-container e--pointer-underline e--animation-slide\" aria-label=\"Filtro de galeria\">\n\t\t\t\t\n\t\t\t\t\t\t\t\t\t<a class=\"elementor-item elementor-gallery-title\" role=\"button\" tabindex=\"0\" data-gallery-index=\"0\">\n\t\t\t\t\t\tMembrana laje\t\t\t\t\t<\/a>\n\t\t\t\t\t\t\t\t\t\t<a class=\"elementor-item elementor-gallery-title\" role=\"button\" tabindex=\"0\" data-gallery-index=\"1\">\n\t\t\t\t\t\tMembrana telhado\t\t\t\t\t<\/a>\n\t\t\t\t\t\t\t\t<\/div>\n\t\t\t\t\t<div class=\"elementor-gallery__container\">\n\t\t\t\t\t\t\t<a class=\"e-gallery-item elementor-gallery-item elementor-animated-content\" data-e-gallery-tags=\"0\" href=\"https:\/\/ortizimpermeabilizacao-com-br.andamento.dev.br\/wp-content\/uploads\/2025\/06\/Membrana-laje-1.jpeg\" data-elementor-open-lightbox=\"yes\" data-elementor-lightbox-slideshow=\"52a2142\" data-elementor-lightbox-title=\"Membrana laje (1)\" data-e-action-hash=\"#elementor-action%3Aaction%3Dlightbox%26settings%3DeyJpZCI6ODkxLCJ1cmwiOiJodHRwczpcL1wvb3J0aXppbXBlcm1lYWJpbGl6YWNhby1jb20tYnIuYW5kYW1lbnRvLmRldi5iclwvd3AtY29udGVudFwvdXBsb2Fkc1wvMjAyNVwvMDZcL01lbWJyYW5hLWxhamUtMS5qcGVnIiwic2xpZGVzaG93IjoiNTJhMjE0MiJ9\">\n\t\t\t\t\t<div class=\"e-gallery-image elementor-gallery-item__image\" data-thumbnail=\"https:\/\/ortizimpermeabilizacao-com-br.andamento.dev.br\/wp-content\/uploads\/2025\/06\/Membrana-laje-1-768x576.jpeg\" data-width=\"768\" data-height=\"576\" aria-label=\"\" role=\"img\" ><\/div>\n\t\t\t\t\t\t\t\t\t\t\t<div class=\"elementor-gallery-item__overlay\"><\/div>\n\t\t\t\t\t\t\t\t\t\t\t\t\t\t<\/a>\n\t\t\t\t\t\t\t<a class=\"e-gallery-item elementor-gallery-item elementor-animated-content\" data-e-gallery-tags=\"0\" href=\"https:\/\/ortizimpermeabilizacao-com-br.andamento.dev.br\/wp-content\/uploads\/2025\/06\/Membrana-laje-2-scaled.jpg\" data-elementor-open-lightbox=\"yes\" data-elementor-lightbox-slideshow=\"52a2142\" data-elementor-lightbox-title=\"DCIM100MEDIADJI_0902.JPG\" data-e-action-hash=\"#elementor-action%3Aaction%3Dlightbox%26settings%3DeyJpZCI6ODk1LCJ1cmwiOiJodHRwczpcL1wvb3J0aXppbXBlcm1lYWJpbGl6YWNhby1jb20tYnIuYW5kYW1lbnRvLmRldi5iclwvd3AtY29udGVudFwvdXBsb2Fkc1wvMjAyNVwvMDZcL01lbWJyYW5hLWxhamUtMi1zY2FsZWQuanBnIiwic2xpZGVzaG93IjoiNTJhMjE0MiJ9\">\n\t\t\t\t\t<div class=\"e-gallery-image elementor-gallery-item__image\" data-thumbnail=\"https:\/\/ortizimpermeabilizacao-com-br.andamento.dev.br\/wp-content\/uploads\/2025\/06\/Membrana-laje-2-768x576.jpg\" data-width=\"768\" data-height=\"576\" aria-label=\"\" role=\"img\" ><\/div>\n\t\t\t\t\t\t\t\t\t\t\t<div class=\"elementor-gallery-item__overlay\"><\/div>\n\t\t\t\t\t\t\t\t\t\t\t\t\t\t<\/a>\n\t\t\t\t\t\t\t<a class=\"e-gallery-item elementor-gallery-item elementor-animated-content\" data-e-gallery-tags=\"0\" href=\"https:\/\/ortizimpermeabilizacao-com-br.andamento.dev.br\/wp-content\/uploads\/2025\/06\/Membrana-laje-3-scaled.jpg\" data-elementor-open-lightbox=\"yes\" data-elementor-lightbox-slideshow=\"52a2142\" data-elementor-lightbox-title=\"DCIM100MEDIADJI_0903.JPG\" data-e-action-hash=\"#elementor-action%3Aaction%3Dlightbox%26settings%3DeyJpZCI6ODk3LCJ1cmwiOiJodHRwczpcL1wvb3J0aXppbXBlcm1lYWJpbGl6YWNhby1jb20tYnIuYW5kYW1lbnRvLmRldi5iclwvd3AtY29udGVudFwvdXBsb2Fkc1wvMjAyNVwvMDZcL01lbWJyYW5hLWxhamUtMy1zY2FsZWQuanBnIiwic2xpZGVzaG93IjoiNTJhMjE0MiJ9\">\n\t\t\t\t\t<div class=\"e-gallery-image elementor-gallery-item__image\" data-thumbnail=\"https:\/\/ortizimpermeabilizacao-com-br.andamento.dev.br\/wp-content\/uploads\/2025\/06\/Membrana-laje-3-768x576.jpg\" data-width=\"768\" data-height=\"576\" aria-label=\"\" role=\"img\" ><\/div>\n\t\t\t\t\t\t\t\t\t\t\t<div class=\"elementor-gallery-item__overlay\"><\/div>\n\t\t\t\t\t\t\t\t\t\t\t\t\t\t<\/a>\n\t\t\t\t\t\t\t<a class=\"e-gallery-item elementor-gallery-item elementor-animated-content\" data-e-gallery-tags=\"0\" href=\"https:\/\/ortizimpermeabilizacao-com-br.andamento.dev.br\/wp-content\/uploads\/2025\/06\/Membrana-laje-7.jpg\" data-elementor-open-lightbox=\"yes\" data-elementor-lightbox-slideshow=\"52a2142\" data-elementor-lightbox-title=\"Membrana laje (7)\" data-e-action-hash=\"#elementor-action%3Aaction%3Dlightbox%26settings%3DeyJpZCI6OTA0LCJ1cmwiOiJodHRwczpcL1wvb3J0aXppbXBlcm1lYWJpbGl6YWNhby1jb20tYnIuYW5kYW1lbnRvLmRldi5iclwvd3AtY29udGVudFwvdXBsb2Fkc1wvMjAyNVwvMDZcL01lbWJyYW5hLWxhamUtNy5qcGciLCJzbGlkZXNob3ciOiI1MmEyMTQyIn0%3D\">\n\t\t\t\t\t<div class=\"e-gallery-image elementor-gallery-item__image\" data-thumbnail=\"https:\/\/ortizimpermeabilizacao-com-br.andamento.dev.br\/wp-content\/uploads\/2025\/06\/Membrana-laje-7-768x576.jpg\" data-width=\"768\" data-height=\"576\" aria-label=\"\" role=\"img\" ><\/div>\n\t\t\t\t\t\t\t\t\t\t\t<div class=\"elementor-gallery-item__overlay\"><\/div>\n\t\t\t\t\t\t\t\t\t\t\t\t\t\t<\/a>\n\t\t\t\t\t\t\t<a class=\"e-gallery-item elementor-gallery-item elementor-animated-content\" data-e-gallery-tags=\"1\" href=\"https:\/\/ortizimpermeabilizacao-com-br.andamento.dev.br\/wp-content\/uploads\/2025\/06\/Membrana-telhado-10.jpg\" data-elementor-open-lightbox=\"yes\" data-elementor-lightbox-slideshow=\"52a2142\" data-elementor-lightbox-title=\"Membrana telhado (10)\" data-e-action-hash=\"#elementor-action%3Aaction%3Dlightbox%26settings%3DeyJpZCI6OTIyLCJ1cmwiOiJodHRwczpcL1wvb3J0aXppbXBlcm1lYWJpbGl6YWNhby1jb20tYnIuYW5kYW1lbnRvLmRldi5iclwvd3AtY29udGVudFwvdXBsb2Fkc1wvMjAyNVwvMDZcL01lbWJyYW5hLXRlbGhhZG8tMTAuanBnIiwic2xpZGVzaG93IjoiNTJhMjE0MiJ9\">\n\t\t\t\t\t<div class=\"e-gallery-image elementor-gallery-item__image\" data-thumbnail=\"https:\/\/ortizimpermeabilizacao-com-br.andamento.dev.br\/wp-content\/uploads\/2025\/06\/Membrana-telhado-10-768x432.jpg\" data-width=\"768\" data-height=\"432\" aria-label=\"\" role=\"img\" ><\/div>\n\t\t\t\t\t\t\t\t\t\t\t<div class=\"elementor-gallery-item__overlay\"><\/div>\n\t\t\t\t\t\t\t\t\t\t\t\t\t\t<\/a>\n\t\t\t\t\t<\/div>\n\t\t\t\t\t<\/div>\n\t\t\t\t<\/div>\n\t\t\t\t\t<\/div>\n\t\t\t\t<\/div>\n\t\t\t\t<\/div>\n\t\t","protected":false},"excerpt":{"rendered":"<p>Membrana Acr\u00edlica Membrana laje Membrana telhado<\/p>\n","protected":false},"author":1,"featured_media":0,"parent":0,"menu_order":0,"comment_status":"closed","ping_status":"closed","template":"","meta":{"inline_featured_image":false,"site-sidebar-layout":"no-sidebar","site-content-layout":"page-builder","ast-site-content-layout":"full-width-container","site-content-style":"default","site-sidebar-style":"default","ast-global-header-display":"","ast-banner-title-visibility":"","ast-main-header-display":"","ast-hfb-above-header-display":"","ast-hfb-below-header-display":"","ast-hfb-mobile-header-display":"","site-post-title":"disabled","ast-breadcrumbs-content":"","ast-featured-img":"disabled","footer-sml-layout":"","ast-disable-related-posts":"","theme-transparent-header-meta":"","adv-header-id-meta":"","stick-header-meta":"","header-above-stick-meta":"","header-main-stick-meta":"","header-below-stick-meta":"","astra-migrate-meta-layouts":"default","ast-page-background-enabled":"default","ast-page-background-meta":{"desktop":{"background-color":"","background-image":"","background-repeat":"repeat","background-position":"center center","background-size":"auto","background-attachment":"scroll","background-type":"","background-media":"","overlay-type":"","overlay-color":"","overlay-opacity":"","overlay-gradient":""},"tablet":{"background-color":"","background-image":"","background-repeat":"repeat","background-position":"center center","background-size":"auto","background-attachment":"scroll","background-type":"","background-media":"","overlay-type":"","overlay-color":"","overlay-opacity":"","overlay-gradient":""},"mobile":{"background-color":"","background-image":"","background-repeat":"repeat","background-position":"center center","background-size":"auto","background-attachment":"scroll","background-type":"","background-media":"","overlay-type":"","overlay-color":"","overlay-opacity":"","overlay-gradient":""}},"ast-content-background-meta":{"desktop":{"background-color":"var(--ast-global-color-5)","background-image":"","background-repeat":"repeat","background-position":"center center","background-size":"auto","background-attachment":"scroll","background-type":"","background-media":"","overlay-type":"","overlay-color":"","overlay-opacity":"","overlay-gradient":""},"tablet":{"background-color":"var(--ast-global-color-5)","background-image":"","background-repeat":"repeat","background-position":"center center","background-size":"auto","background-attachment":"scroll","background-type":"","background-media":"","overlay-type":"","overlay-color":"","overlay-opacity":"","overlay-gradient":""},"mobile":{"background-color":"var(--ast-global-color-5)","background-image":"","background-repeat":"repeat","background-position":"center center","background-size":"auto","background-attachment":"scroll","background-type":"","background-media":"","overlay-type":"","overlay-color":"","overlay-opacity":"","overlay-gradient":""}},"footnotes":""},"class_list":["post-1051","page","type-page","status-publish","hentry"],"yoast_head":"<!-- This site is optimized with the Yoast SEO plugin v27.3 - https:\/\/yoast.com\/product\/yoast-seo-wordpress\/ -->\n<title>Membrana Acr\u00edlica - Ortiz Impermeabiliza\u00e7\u00e3o<\/title>\n<meta name=\"robots\" content=\"noindex, follow, max-snippet:-1, max-image-preview:large, max-video-preview:-1\" \/>\n<meta property=\"og:locale\" content=\"pt_BR\" \/>\n<meta property=\"og:type\" content=\"article\" \/>\n<meta property=\"og:title\" content=\"Membrana Acr\u00edlica - Ortiz Impermeabiliza\u00e7\u00e3o\" \/>\n<meta property=\"og:description\" content=\"Membrana Acr\u00edlica Membrana laje Membrana telhado\" \/>\n<meta property=\"og:url\" content=\"https:\/\/ortizimpermeabilizacao-com-br.andamento.dev.br\/?page_id=1051\" \/>\n<meta property=\"og:site_name\" content=\"Ortiz Impermeabiliza\u00e7\u00e3o\" \/>\n<meta property=\"article:modified_time\" content=\"2026-04-07T13:34:55+00:00\" \/>\n<meta name=\"twitter:card\" content=\"summary_large_image\" \/>\n<meta name=\"twitter:label1\" content=\"Est. tempo de leitura\" \/>\n\t<meta name=\"twitter:data1\" content=\"1 minuto\" \/>\n<script type=\"application\/ld+json\" class=\"yoast-schema-graph\">{\"@context\":\"https:\\\/\\\/schema.org\",\"@graph\":[{\"@type\":\"WebPage\",\"@id\":\"https:\\\/\\\/ortizimpermeabilizacao-com-br.andamento.dev.br\\\/?page_id=1051\",\"url\":\"https:\\\/\\\/ortizimpermeabilizacao-com-br.andamento.dev.br\\\/?page_id=1051\",\"name\":\"Membrana Acr\u00edlica - Ortiz Impermeabiliza\u00e7\u00e3o\",\"isPartOf\":{\"@id\":\"https:\\\/\\\/ortizimpermeabilizacao-com-br.andamento.dev.br\\\/#website\"},\"datePublished\":\"2026-02-26T17:36:56+00:00\",\"dateModified\":\"2026-04-07T13:34:55+00:00\",\"breadcrumb\":{\"@id\":\"https:\\\/\\\/ortizimpermeabilizacao-com-br.andamento.dev.br\\\/?page_id=1051#breadcrumb\"},\"inLanguage\":\"pt-BR\",\"potentialAction\":[{\"@type\":\"ReadAction\",\"target\":[\"https:\\\/\\\/ortizimpermeabilizacao-com-br.andamento.dev.br\\\/?page_id=1051\"]}]},{\"@type\":\"BreadcrumbList\",\"@id\":\"https:\\\/\\\/ortizimpermeabilizacao-com-br.andamento.dev.br\\\/?page_id=1051#breadcrumb\",\"itemListElement\":[{\"@type\":\"ListItem\",\"position\":1,\"name\":\"In\u00edcio\",\"item\":\"https:\\\/\\\/ortizimpermeabilizacao-com-br.andamento.dev.br\\\/\"},{\"@type\":\"ListItem\",\"position\":2,\"name\":\"Membrana Acr\u00edlica\"}]},{\"@type\":\"WebSite\",\"@id\":\"https:\\\/\\\/ortizimpermeabilizacao-com-br.andamento.dev.br\\\/#website\",\"url\":\"https:\\\/\\\/ortizimpermeabilizacao-com-br.andamento.dev.br\\\/\",\"name\":\"Ortiz Impermeabiliza\u00e7\u00e3o\",\"description\":\"Solu\u00e7\u00f5es para Infiltra\u00e7\u00e3o\",\"publisher\":{\"@id\":\"https:\\\/\\\/ortizimpermeabilizacao-com-br.andamento.dev.br\\\/#organization\"},\"potentialAction\":[{\"@type\":\"SearchAction\",\"target\":{\"@type\":\"EntryPoint\",\"urlTemplate\":\"https:\\\/\\\/ortizimpermeabilizacao-com-br.andamento.dev.br\\\/?s={search_term_string}\"},\"query-input\":{\"@type\":\"PropertyValueSpecification\",\"valueRequired\":true,\"valueName\":\"search_term_string\"}}],\"inLanguage\":\"pt-BR\"},{\"@type\":\"Organization\",\"@id\":\"https:\\\/\\\/ortizimpermeabilizacao-com-br.andamento.dev.br\\\/#organization\",\"name\":\"Ortiz Impermeabiliza\u00e7\u00e3o\",\"url\":\"https:\\\/\\\/ortizimpermeabilizacao-com-br.andamento.dev.br\\\/\",\"logo\":{\"@type\":\"ImageObject\",\"inLanguage\":\"pt-BR\",\"@id\":\"https:\\\/\\\/ortizimpermeabilizacao-com-br.andamento.dev.br\\\/#\\\/schema\\\/logo\\\/image\\\/\",\"url\":\"https:\\\/\\\/ortizimpermeabilizacao-com-br.andamento.dev.br\\\/wp-content\\\/uploads\\\/2023\\\/09\\\/Logo-Ortiz.png\",\"contentUrl\":\"https:\\\/\\\/ortizimpermeabilizacao-com-br.andamento.dev.br\\\/wp-content\\\/uploads\\\/2023\\\/09\\\/Logo-Ortiz.png\",\"width\":919,\"height\":724,\"caption\":\"Ortiz Impermeabiliza\u00e7\u00e3o\"},\"image\":{\"@id\":\"https:\\\/\\\/ortizimpermeabilizacao-com-br.andamento.dev.br\\\/#\\\/schema\\\/logo\\\/image\\\/\"}}]}<\/script>\n<!-- \/ Yoast SEO plugin. -->","yoast_head_json":{"title":"Membrana Acr\u00edlica - Ortiz Impermeabiliza\u00e7\u00e3o","robots":{"index":"noindex","follow":"follow","max-snippet":"max-snippet:-1","max-image-preview":"max-image-preview:large","max-video-preview":"max-video-preview:-1"},"og_locale":"pt_BR","og_type":"article","og_title":"Membrana Acr\u00edlica - Ortiz Impermeabiliza\u00e7\u00e3o","og_description":"Membrana Acr\u00edlica Membrana laje Membrana telhado","og_url":"https:\/\/ortizimpermeabilizacao-com-br.andamento.dev.br\/?page_id=1051","og_site_name":"Ortiz Impermeabiliza\u00e7\u00e3o","article_modified_time":"2026-04-07T13:34:55+00:00","twitter_card":"summary_large_image","twitter_misc":{"Est. tempo de leitura":"1 minuto"},"schema":{"@context":"https:\/\/schema.org","@graph":[{"@type":"WebPage","@id":"https:\/\/ortizimpermeabilizacao-com-br.andamento.dev.br\/?page_id=1051","url":"https:\/\/ortizimpermeabilizacao-com-br.andamento.dev.br\/?page_id=1051","name":"Membrana Acr\u00edlica - Ortiz Impermeabiliza\u00e7\u00e3o","isPartOf":{"@id":"https:\/\/ortizimpermeabilizacao-com-br.andamento.dev.br\/#website"},"datePublished":"2026-02-26T17:36:56+00:00","dateModified":"2026-04-07T13:34:55+00:00","breadcrumb":{"@id":"https:\/\/ortizimpermeabilizacao-com-br.andamento.dev.br\/?page_id=1051#breadcrumb"},"inLanguage":"pt-BR","potentialAction":[{"@type":"ReadAction","target":["https:\/\/ortizimpermeabilizacao-com-br.andamento.dev.br\/?page_id=1051"]}]},{"@type":"BreadcrumbList","@id":"https:\/\/ortizimpermeabilizacao-com-br.andamento.dev.br\/?page_id=1051#breadcrumb","itemListElement":[{"@type":"ListItem","position":1,"name":"In\u00edcio","item":"https:\/\/ortizimpermeabilizacao-com-br.andamento.dev.br\/"},{"@type":"ListItem","position":2,"name":"Membrana Acr\u00edlica"}]},{"@type":"WebSite","@id":"https:\/\/ortizimpermeabilizacao-com-br.andamento.dev.br\/#website","url":"https:\/\/ortizimpermeabilizacao-com-br.andamento.dev.br\/","name":"Ortiz Impermeabiliza\u00e7\u00e3o","description":"Solu\u00e7\u00f5es para Infiltra\u00e7\u00e3o","publisher":{"@id":"https:\/\/ortizimpermeabilizacao-com-br.andamento.dev.br\/#organization"},"potentialAction":[{"@type":"SearchAction","target":{"@type":"EntryPoint","urlTemplate":"https:\/\/ortizimpermeabilizacao-com-br.andamento.dev.br\/?s={search_term_string}"},"query-input":{"@type":"PropertyValueSpecification","valueRequired":true,"valueName":"search_term_string"}}],"inLanguage":"pt-BR"},{"@type":"Organization","@id":"https:\/\/ortizimpermeabilizacao-com-br.andamento.dev.br\/#organization","name":"Ortiz Impermeabiliza\u00e7\u00e3o","url":"https:\/\/ortizimpermeabilizacao-com-br.andamento.dev.br\/","logo":{"@type":"ImageObject","inLanguage":"pt-BR","@id":"https:\/\/ortizimpermeabilizacao-com-br.andamento.dev.br\/#\/schema\/logo\/image\/","url":"https:\/\/ortizimpermeabilizacao-com-br.andamento.dev.br\/wp-content\/uploads\/2023\/09\/Logo-Ortiz.png","contentUrl":"https:\/\/ortizimpermeabilizacao-com-br.andamento.dev.br\/wp-content\/uploads\/2023\/09\/Logo-Ortiz.png","width":919,"height":724,"caption":"Ortiz Impermeabiliza\u00e7\u00e3o"},"image":{"@id":"https:\/\/ortizimpermeabilizacao-com-br.andamento.dev.br\/#\/schema\/logo\/image\/"}}]}},"_links":{"self":[{"href":"https:\/\/ortizimpermeabilizacao-com-br.andamento.dev.br\/index.php?rest_route=\/wp\/v2\/pages\/1051","targetHints":{"allow":["GET"]}}],"collection":[{"href":"https:\/\/ortizimpermeabilizacao-com-br.andamento.dev.br\/index.php?rest_route=\/wp\/v2\/pages"}],"about":[{"href":"https:\/\/ortizimpermeabilizacao-com-br.andamento.dev.br\/index.php?rest_route=\/wp\/v2\/types\/page"}],"author":[{"embeddable":true,"href":"https:\/\/ortizimpermeabilizacao-com-br.andamento.dev.br\/index.php?rest_route=\/wp\/v2\/users\/1"}],"replies":[{"embeddable":true,"href":"https:\/\/ortizimpermeabilizacao-com-br.andamento.dev.br\/index.php?rest_route=%2Fwp%2Fv2%2Fcomments&post=1051"}],"version-history":[{"count":0,"href":"https:\/\/ortizimpermeabilizacao-com-br.andamento.dev.br\/index.php?rest_route=\/wp\/v2\/pages\/1051\/revisions"}],"wp:attachment":[{"href":"https:\/\/ortizimpermeabilizacao-com-br.andamento.dev.br\/index.php?rest_route=%2Fwp%2Fv2%2Fmedia&parent=1051"}],"curies":[{"name":"wp","href":"https:\/\/api.w.org\/{rel}","templated":true}]}}